{"id":83,"date":"2025-10-21T10:58:57","date_gmt":"2025-10-21T08:58:57","guid":{"rendered":"https:\/\/www.christophemenu.fr\/?page_id=83"},"modified":"2025-10-21T10:58:57","modified_gmt":"2025-10-21T08:58:57","slug":"conditions-generales","status":"publish","type":"page","link":"https:\/\/www.christophemenu.fr\/index.php\/conditions-generales\/","title":{"rendered":"Conditions G\u00e9n\u00e9rales"},"content":{"rendered":"\n<p>En cas d&rsquo;engagement de Christophe MENU &#8211; Magicien &amp; Conteur, les conditions ci-apr\u00e8s sont consid\u00e9r\u00e9es comme accept\u00e9es par les parties.<\/p>\n\n\n\n<h2 class=\"wp-block-heading\">D\u00e9nominations<\/h2>\n\n\n\n<p>Dans les pr\u00e9sentes Conditions G\u00e9n\u00e9rales, <br>Christophe MENU &#8211; Magicien &amp; Conteur sera appel\u00e9 \u00ab\u00a0Magicien\u00a0\u00bb<br>L&rsquo;entit\u00e9 engageant le Magicien sera appel\u00e9e \u00ab\u00a0Employeur\u00a0\u00bb.<\/p>\n\n\n\n<div style=\"height:25px\" aria-hidden=\"true\" class=\"wp-block-spacer\"><\/div>\n\n\n\n<h2 class=\"wp-block-heading\">Engagement<\/h2>\n\n\n\n<p>Toute demande d&rsquo;engagement du Magicien se fera par mail :<\/p>\n\n\n\n<ul class=\"wp-block-list\">\n<li>en envoyant une demande \u00e0 ch.menu@free.fr<\/li>\n\n\n\n<li>ou en employant le formulaire de contact du site internet https:\/\/www.christophemenu.fr<\/li>\n<\/ul>\n\n\n\n<p>Toute autre forme de communication ne pourra \u00eatre consid\u00e9r\u00e9 comme une demande d&rsquo;engagement.<\/p>\n\n\n\n<div style=\"height:25px\" aria-hidden=\"true\" class=\"wp-block-spacer\"><\/div>\n\n\n\n<p>Afin d&rsquo;\u00e9tablir un devis, l&rsquo;Employeur s&rsquo;engage \u00e0 fournir au Magicien toutes les informations n\u00e9cessaires, \u00e0 savoir :<\/p>\n\n\n\n<ul class=\"wp-block-list\">\n<li>La date de l&rsquo;\u00e9v\u00e9nement,<\/li>\n\n\n\n<li>Les horaires souhait\u00e9s de prestation,<\/li>\n\n\n\n<li>Le lieu de la prestation,<\/li>\n\n\n\n<li>Le type d&rsquo;\u00e9v\u00e9nement (Mariage, S\u00e9minaire, Salon\/March\u00e9&#8230;),<\/li>\n\n\n\n<li>Le format de l&rsquo;\u00e9v\u00e9nement (Mariage, Repas, Cocktail, D\u00e9ambulation&#8230;),<\/li>\n\n\n\n<li>Le nombre d&rsquo;invit\u00e9s (tables, pour les repas) pour les \u00e9v\u00e9nements Priv\u00e9s.<\/li>\n\n\n\n<li>&#8230; et toute autre information demand\u00e9e par le Magicien pour \u00e9tablir le devis<\/li>\n<\/ul>\n\n\n\n<div style=\"height:25px\" aria-hidden=\"true\" class=\"wp-block-spacer\"><\/div>\n\n\n\n<p>L&rsquo;engagement ne sera valid\u00e9 (et la date r\u00e9serv\u00e9e) qu&rsquo;\u00e0 r\u00e9ception du devis sign\u00e9 par l&rsquo;Employeur.<\/p>\n\n\n\n<div style=\"height:25px\" aria-hidden=\"true\" class=\"wp-block-spacer\"><\/div>\n\n\n\n<h2 class=\"wp-block-heading\">Le Devis<\/h2>\n\n\n\n<p>Le devis est envoy\u00e9 \u00e0 l&rsquo;Employeur par retour de mail. Sauf mention contraire, il est valable 3 mois apr\u00e8s son \u00e9mission. Le devis donnera une description des demandes de l&rsquo;Employeur pour lesquelles il est \u00e9tabli. En cas de demande sp\u00e9cifiques n\u00e9cessitant un compl\u00e9ment d&rsquo;information, un avenant sera conclu entre les parties afin d&rsquo;en donner une liste.<\/p>\n\n\n\n<div style=\"height:25px\" aria-hidden=\"true\" class=\"wp-block-spacer\"><\/div>\n\n\n\n<p>Tous les devis \u00e9mis sont entendus sur le <span style=\"text-decoration: underline;\">Montant Total<\/span> incluant :<\/p>\n\n\n\n<ul class=\"wp-block-list\">\n<li>Une estimation du salaire net du Magicien<\/li>\n\n\n\n<li>Une estimation des charges Patronales et Salariales dus par l&rsquo;Employeur aupr\u00e8s du G.U.S.O.<\/li>\n\n\n\n<li>Un montant forfaitaire couvrant les Frais Professionnels du Magicien.<\/li>\n<\/ul>\n\n\n\n<div style=\"height:25px\" aria-hidden=\"true\" class=\"wp-block-spacer\"><\/div>\n\n\n\n<p>Le devis devra \u00eatre retourn\u00e9 au Magicien, par mail, dat\u00e9 et sign\u00e9, avec la mention manuscrite \u00ab\u00a0Bon pour Accord et Engagement\u00a0\u00bb. La signature du devis engage l&rsquo;Employeur.<\/p>\n\n\n\n<div style=\"height:25px\" aria-hidden=\"true\" class=\"wp-block-spacer\"><\/div>\n\n\n\n<p><strong>En cas de modification de l&rsquo;\u00e9v\u00e9nement pouvant entrainer une modification du devis, ce dernier sera consid\u00e9r\u00e9 comme caduque. <\/strong>Un nouveau devis pourra \u00eatre \u00e9mis par le Magicien.<\/p>\n\n\n\n<div style=\"height:25px\" aria-hidden=\"true\" class=\"wp-block-spacer\"><\/div>\n\n\n\n<p><strong>En cas d&rsquo;annulation apr\u00e8s la signature du devis, le montant forfaitaire des Frais Professionnels est due par l&rsquo;Employeur au Magicien.<\/strong><\/p>\n\n\n\n<div style=\"height:25px\" aria-hidden=\"true\" class=\"wp-block-spacer\"><\/div>\n\n\n\n<h2 class=\"wp-block-heading\">Le contenu de la prestation<\/h2>\n\n\n\n<p>Outre la prestation de Magie \u00e0 proprement parler, la prestation comprend :<\/p>\n\n\n\n<div style=\"height:25px\" aria-hidden=\"true\" class=\"wp-block-spacer\"><\/div>\n\n\n\n<h3 class=\"wp-block-heading\">D\u00e9claration au G.U.S.O.<\/h3>\n\n\n\n<p>Dans le cadre de l&rsquo;intermittence, toute prestation de spectacle doit faire l&rsquo;objet d&rsquo;une d\u00e9claration aupr\u00e8s de Guichet Unique des Spectacles Occasionnels (G.U.S.O.).<\/p>\n\n\n\n<p>Le Magicien vous accompagne dans la totalit\u00e9 des d\u00e9marches de d\u00e9claration<\/p>\n\n\n\n<div style=\"height:25px\" aria-hidden=\"true\" class=\"wp-block-spacer\"><\/div>\n\n\n\n<h3 class=\"wp-block-heading\">Au moins 2 rendez-vous&#8230;<\/h3>\n\n\n\n<ul class=\"wp-block-list\">\n<li>(Au moins) Un rendez-vous de personnalisation de la prestation<\/li>\n\n\n\n<li>Une visite du lieu de l&rsquo;\u00e9v\u00e9nement lors de son installation.<\/li>\n<\/ul>\n\n\n\n<div style=\"height:25px\" aria-hidden=\"true\" class=\"wp-block-spacer\"><\/div>\n\n\n\n<h2 class=\"wp-block-heading\">Obligations des parties<\/h2>\n\n\n\n<div style=\"height:25px\" aria-hidden=\"true\" class=\"wp-block-spacer\"><\/div>\n\n\n\n<p>l&rsquo;Employeur a pour obligation :<\/p>\n\n\n\n<ul class=\"wp-block-list\">\n<li>Fournir l&rsquo;ensemble des informations n\u00e9cessaires \u00e0 la bonne ex\u00e9cution de la prestation<\/li>\n\n\n\n<li>Fournir un espace \u00ab\u00a0loge\u00a0\u00bb de 1m\u00b2 minimum, accessible durant la prestation<\/li>\n\n\n\n<li>Tenir inform\u00e9 le Magicien, d\u00e8s que possible, de toute modification de l&rsquo;\u00e9v\u00e9nement pouvant impacter la prestation ou modifier le devis.<\/li>\n\n\n\n<li>S&rsquo;acquitter des charges aupr\u00e8s du G.U.S.O. dans les 2 semaines suivant la prestation<\/li>\n\n\n\n<li>Apr\u00e8s l&rsquo;\u00e9v\u00e9nement, fournir les photos libres de droits o\u00f9 le Magicien appara\u00eet<\/li>\n<\/ul>\n\n\n\n<div style=\"height:25px\" aria-hidden=\"true\" class=\"wp-block-spacer\"><\/div>\n\n\n\n<p>Obligations du Magicien<\/p>\n\n\n\n<ul class=\"wp-block-list\">\n<li>Tenir l&rsquo;Employeur inform\u00e9 de toute modification de la prestation,<\/li>\n\n\n\n<li>Avant la signature du devis, avertir l&rsquo;Employeur si la date demand\u00e9e n&rsquo;est plus disponible.<\/li>\n\n\n\n<li>Effectuer la prestation, \u00e0 la date et au lieu indiqu\u00e9s sur le devis, <\/li>\n<\/ul>\n\n\n\n<div style=\"height:25px\" aria-hidden=\"true\" class=\"wp-block-spacer\"><\/div>\n\n\n\n<h2 class=\"wp-block-heading\">Droit \u00e0 l&rsquo;image et Photographies<\/h2>\n\n\n\n<div style=\"height:25px\" aria-hidden=\"true\" class=\"wp-block-spacer\"><\/div>\n\n\n\n<p>En envoyant les photos et\/ou les vid\u00e9os sur lesquelles le Magicien appara\u00eet,  l&rsquo;Employeur c\u00e8de de facto les droits d&rsquo;utilisation sur les m\u00e9dias et canaux de communication. (site internet, r\u00e9seaux sociaux, presse, expositions, publicit\u00e9).<\/p>\n\n\n\n<div style=\"height:25px\" aria-hidden=\"true\" class=\"wp-block-spacer\"><\/div>\n\n\n\n<p>Le Magicien c\u00e8de \u00e9galement les droits d&rsquo;utilisation de son image selon les m\u00eames conditions.<\/p>\n\n\n\n<div style=\"height:25px\" aria-hidden=\"true\" class=\"wp-block-spacer\"><\/div>\n\n\n\n<p>Aucune r\u00e9tribution ne pourra \u00eatre demand\u00e9e par l&rsquo;une ou l&rsquo;autre des parties pour l&rsquo;utilisation de son image.<\/p>\n\n\n\n<div style=\"height:25px\" aria-hidden=\"true\" class=\"wp-block-spacer\"><\/div>\n\n\n\n<h2 class=\"wp-block-heading\">R\u00e8glement de la Prestation<\/h2>\n\n\n\n<div style=\"height:25px\" aria-hidden=\"true\" class=\"wp-block-spacer\"><\/div>\n\n\n\n<p>Sauf accord contraire explicitement conclu entre les parties sur le devis ou l&rsquo;avenant, le r\u00e8glement de la prestation se fera en fin de prestation, par ch\u00e8que. Le Magicien n&rsquo;\u00e9tant pas entrepreneur, il ne pourra \u00eatre demand\u00e9 aucune facture par l&rsquo;Employeur. Seul un re\u00e7u pourra \u00eatre r\u00e9dig\u00e9, sur demande, une fois le r\u00e8glement effectif.<\/p>\n","protected":false},"excerpt":{"rendered":"<p>En cas d&rsquo;engagement de Christophe MENU &#8211; Magicien &amp; Conteur, les conditions ci-apr\u00e8s sont consid\u00e9r\u00e9es comme accept\u00e9es par les parties. D\u00e9nominations Dans les pr\u00e9sentes Conditions G\u00e9n\u00e9rales, Christophe MENU &#8211; Magicien &amp; Conteur sera appel\u00e9 \u00ab\u00a0Magicien\u00a0\u00bbL&rsquo;entit\u00e9 engageant le Magicien sera appel\u00e9e \u00ab\u00a0Employeur\u00a0\u00bb. Engagement Toute demande d&rsquo;engagement du Magicien se fera par mail : Toute autre forme [&hellip;]<\/p>\n","protected":false},"author":1,"featured_media":0,"parent":0,"menu_order":0,"comment_status":"closed","ping_status":"closed","template":"","meta":{"footnotes":""},"class_list":["post-83","page","type-page","status-publish","hentry"],"_links":{"self":[{"href":"https:\/\/www.christophemenu.fr\/index.php\/wp-json\/wp\/v2\/pages\/83","targetHints":{"allow":["GET"]}}],"collection":[{"href":"https:\/\/www.christophemenu.fr\/index.php\/wp-json\/wp\/v2\/pages"}],"about":[{"href":"https:\/\/www.christophemenu.fr\/index.php\/wp-json\/wp\/v2\/types\/page"}],"author":[{"embeddable":true,"href":"https:\/\/www.christophemenu.fr\/index.php\/wp-json\/wp\/v2\/users\/1"}],"replies":[{"embeddable":true,"href":"https:\/\/www.christophemenu.fr\/index.php\/wp-json\/wp\/v2\/comments?post=83"}],"version-history":[{"count":4,"href":"https:\/\/www.christophemenu.fr\/index.php\/wp-json\/wp\/v2\/pages\/83\/revisions"}],"predecessor-version":[{"id":87,"href":"https:\/\/www.christophemenu.fr\/index.php\/wp-json\/wp\/v2\/pages\/83\/revisions\/87"}],"wp:attachment":[{"href":"https:\/\/www.christophemenu.fr\/index.php\/wp-json\/wp\/v2\/media?parent=83"}],"curies":[{"name":"wp","href":"https:\/\/api.w.org\/{rel}","templated":true}]}}